{"id":2180,"date":"2025-03-31T11:17:28","date_gmt":"2025-03-31T09:17:28","guid":{"rendered":"https:\/\/compacfoam.com\/en\/p\/verstaerkungswinkel-klein-metall\/"},"modified":"2026-01-15T12:53:24","modified_gmt":"2026-01-15T11:53:24","slug":"reinforcement-bracket-small-metal","status":"publish","type":"product","link":"https:\/\/compacfoam.com\/en\/p\/reinforcement-bracket-small-metal\/","title":{"rendered":"Reinforcing bracket small metal"},"content":{"rendered":"\n<div class=\"gb-element-f573fe39\">\n<button class=\"product--button-back gb-text-252830cb\" id=\"goBackBtn\"><span class=\"gb-shape\"><svg width=\"25\" height=\"17\" viewBox=\"0 0 25 17\" fill=\"none\" xmlns=\"http:\/\/www.w3.org\/2000\/svg\">\n<path fill-rule=\"evenodd\" clip-rule=\"evenodd\" d=\"M25 8.51871C24.9996 8.74709 24.9086 8.96598 24.7469 9.12723C24.5851 9.28846 24.366 9.37887 24.1376 9.37853L3.82783 9.34817L9.23942 14.7743C9.40088 14.9362 9.49145 15.1556 9.49111 15.3843C9.49077 15.613 9.39954 15.8321 9.2376 15.9936C9.07566 16.155 8.85622 16.2455 8.62762 16.2452C8.39892 16.2449 8.17976 16.1537 8.0183 15.9918L1.13991 9.09271C1.05983 9.0126 0.996367 8.91749 0.953024 8.8128C0.90978 8.70813 0.887647 8.59594 0.887817 8.48267C0.887986 8.36941 0.910454 8.2573 0.954011 8.15274C0.997667 8.0482 1.06141 7.95326 1.14173 7.8734L8.04072 0.994956C8.20266 0.833498 8.42209 0.743025 8.65079 0.743367C8.87939 0.743709 9.09856 0.834837 9.26002 0.996778C9.42147 1.15872 9.51205 1.37816 9.5117 1.60676C9.51136 1.83546 9.42013 2.05462 9.25819 2.21608L3.8304 7.62598L24.1402 7.65634C24.3686 7.65668 24.5874 7.74773 24.7487 7.90946C24.9099 8.07118 25.0003 8.29033 25 8.51871Z\" fill=\"currentColor\"><\/path>\n<\/svg>\n<\/span><span class=\"gb-text\">Back<\/span><\/button>\n\n\n\n<a class=\"button--secondary-link\" href=\"https:\/\/compacfoam.com\/en\/store\/\"><span class=\"gb-text\">All products<\/span><span class=\"gb-shape\"><svg width=\"25\" height=\"17\" viewBox=\"0 0 25 17\" fill=\"none\" xmlns=\"http:\/\/www.w3.org\/2000\/svg\">\n<path fill-rule=\"evenodd\" clip-rule=\"evenodd\" d=\"M-3.38805e-07 8.5C-3.48787e-07 8.27162 0.0907219 8.0526 0.252209 7.89111C0.413695 7.72963 0.632718 7.6389 0.861095 7.6389L21.1709 7.6389L15.7512 2.22089C15.5895 2.0592 15.4986 1.8399 15.4986 1.61123C15.4986 1.38257 15.5895 1.16327 15.7512 1.00158C15.9129 0.839888 16.1322 0.749052 16.3608 0.749052C16.5895 0.749052 16.8088 0.839888 16.9705 1.00158L23.8592 7.89034C23.9394 7.97033 24.003 8.06535 24.0465 8.16997C24.0899 8.27458 24.1122 8.38673 24.1122 8.5C24.1122 8.61326 24.0899 8.72541 24.0465 8.83003C24.003 8.93464 23.9394 9.02967 23.8592 9.10965L16.9705 15.9984C16.8088 16.1601 16.5895 16.2509 16.3608 16.2509C16.1322 16.2509 15.9129 16.1601 15.7512 15.9984C15.5895 15.8367 15.4986 15.6174 15.4986 15.3888C15.4986 15.1601 15.5895 14.9408 15.7512 14.7791L21.1709 9.36109L0.861095 9.36109C0.632719 9.36109 0.413695 9.27037 0.252209 9.10888C0.0907219 8.9474 -3.28822e-07 8.72838 -3.38805e-07 8.5Z\" fill=\"currentColor\"><\/path>\n<\/svg><\/span><\/a>\n<\/div>\n\n\n\n<div class=\"bg--base border--radius-base gb-element-dab72669\">\n<div class=\"gb-tabs gb-tabs-ba42e86a\" data-opened-tab=\"1\">\n<div class=\"gb-tabs__menu gb-tabs__menu-e1a66ed8\" role=\"list\">\n<div tabindex=\"0\" class=\"gb-tabs__menu-item product--tabs-button gb-block-is-current\" role=\"tab\" id=\"gb-tab-menu-item-c3b4b18b\">\n<span class=\"gb-text\">Description &amp; advantages<\/span>\n<\/div>\n\n\n\n<div tabindex=\"0\" class=\"gb-tabs__menu-item product--tabs-button gb-tabs__menu-item-aef952f4\" role=\"tab\" id=\"gb-tab-menu-item-aef952f4\">\n<span class=\"gb-text\">Verwendung<\/span>\n<\/div>\n\n\n\n<div tabindex=\"0\" class=\"gb-tabs__menu-item product--tabs-button gb-tabs__menu-item-6f327590\" role=\"tab\" id=\"gb-tab-menu-item-6f327590\">\n<span class=\"gb-text\">Zus\u00e4tzliche Informationen<\/span>\n<\/div>\n\n\n\n<div tabindex=\"0\" class=\"gb-tabs__menu-item product--tabs-button gb-tabs__menu-item-7a897818\" role=\"tab\" id=\"gb-tab-menu-item-7a897818\">\n<span class=\"gb-text\">Daten<\/span>\n<\/div>\n<\/div>\n\n\n\n<div class=\"gb-tabs__items\" role=\"tabpanel\">\n<div class=\"gb-tabs__item gb-tabs__item-open\" id=\"gb-tab-item-f5016183\">\n<div class=\"gb-element-2e1edabd\">\n<div class=\"product--tabs-content\">\n<p class=\"gb-text firma--name\">The reinforcement brackets are part of the Blokko folding shutter system. The size of the reinforcement bracket must be selected to match the size of the Blokko.<\/p>\n<\/div>\n<\/div>\n<\/div>\n\n\n\n<div class=\"gb-tabs__item gb-tabs__item-c067b446\" id=\"gb-tab-item-c067b446\">\n<div class=\"tab--content-container\">\n<p class=\"gb-text firma--name\">Speziell abgestimmt zur Bearbeitung von Compacfoam Materialen s\u00e4mtlicher Klassen.<\/p>\n\n\n\n<p class=\"gb-text gb-text-d082d148\">F\u00fcr Tischkreiss\u00e4gen, Holzbearbeitungsmaschinen, Handkreiss\u00e4gen, Tauchs\u00e4gen.<\/p>\n<\/div>\n<\/div>\n\n\n\n<div class=\"gb-tabs__item gb-tabs__item-2c8fcd23\" id=\"gb-tab-item-2c8fcd23\">\n<div class=\"product--tabs-content\">\n<\/div>\n<\/div>\n\n\n\n<div class=\"gb-tabs__item gb-tabs__item-9758eaeb\" id=\"gb-tab-item-9758eaeb\">\n<div class=\"product--tabs-content\">\n<div class=\"gb-element-d7326343\"><div id=\"footable_parent_3231\"\n         class=\" footable_parent ninja_table_wrapper loading_ninja_table wp_table_data_press_parent bootstrap3 \">\n                <table data-ninja_table_instance=\"ninja_table_instance_0\" data-footable_id=\"3231\" data-filter-delay=\"1000\" aria-label=\"CF Material classes\"            id=\"footable_3231\"\n           data-unique_identifier=\"ninja_table_unique_id_1416981692_3231\"\n           class=\" foo-table ninja_footable foo_table_3231 ninja_table_unique_id_1416981692_3231 table  ninja_search_right nt_type_legacy_table table-bordered hide_horizonal_borders vertical_centered  footable-paging-right ninjatable_hide_header_row ninja_table_search_disabled ninja_table_pro\">\n                <colgroup>\n                            <col class=\"ninja_column_0 \">\n                            <col class=\"ninja_column_1 \">\n                            <col class=\"ninja_column_2 \">\n                            <col class=\"ninja_column_3 \">\n                            <col class=\"ninja_column_4 \">\n                            <col class=\"ninja_column_5 \">\n                            <col class=\"ninja_column_6 \">\n                            <col class=\"ninja_column_7 \">\n                            <col class=\"ninja_column_8 \">\n                    <\/colgroup>\n        <thead>\n<tr class=\"footable-header\">\n                                                                                                                                                        <th scope=\"col\"  class=\"ninja_column_0 ninja_clmn_nm_col_1 \">Sintered highly compressed EPS<\/th><th scope=\"col\"  class=\"ninja_column_1 ninja_clmn_nm_col_2 \">CF100<\/th><th scope=\"col\"  class=\"ninja_column_2 ninja_clmn_nm_col_3 \">CF125<\/th><th scope=\"col\"  class=\"ninja_column_3 ninja_clmn_nm_col_4 \">CF150<\/th><th scope=\"col\"  class=\"ninja_column_4 ninja_clmn_nm_col_5 \">CF200<\/th><th scope=\"col\"  class=\"ninja_column_5 ninja_clmn_nm_col_6 \">CF300<\/th><th scope=\"col\"  class=\"ninja_column_6 ninja_clmn_nm_col_7 \">CF400<\/th><th scope=\"col\"  class=\"ninja_column_7 ninja_clmn_nm_col_8 \">CF200eco<\/th><th scope=\"col\"  class=\"ninja_column_8 ninja_clmn_nm_col_9 \">Standard<\/th><\/tr>\n<\/thead>\n<tbody>\n\n        <tr data-row_id=\"31\" class=\"ninja_table_row_0 nt_row_id_31\">\n            <td>Gesintertes hochverdichtetes EPS<\/td><td><img decoding=\"async\" src=\"https:\/\/compacfoam.com\/en\/wp-content\/uploads\/sites\/6\/CF-CF100-icon.png\" alt=\"Icon\"><\/td><td><img decoding=\"async\" src=\"https:\/\/compacfoam.com\/en\/wp-content\/uploads\/sites\/6\/CF-CF125-icon.png\" alt=\"Icon\" \/><\/td><td><img decoding=\"async\" src=\"https:\/\/compacfoam.com\/en\/wp-content\/uploads\/sites\/6\/CF-CF150-icon.png\" alt=\"Icon\" \/><\/td><td><img decoding=\"async\" src=\"https:\/\/compacfoam.com\/en\/wp-content\/uploads\/sites\/6\/CF-CF200-icon.png\" alt=\"Icon\" \/><\/td><td><img decoding=\"async\" src=\"https:\/\/compacfoam.com\/en\/wp-content\/uploads\/sites\/6\/CF-CF300-icon.png\" alt=\"Icon\" \/><\/td><td><img decoding=\"async\" src=\"https:\/\/compacfoam.com\/en\/wp-content\/uploads\/sites\/6\/CF-CF400-icon.png\" alt=\"Icon\" \/><\/td><td><img decoding=\"async\" src=\"https:\/\/compacfoam.com\/en\/wp-content\/uploads\/sites\/6\/CF-CFeco-icon.png\" alt=\"Icon\" \/><\/td><td>Standard<\/td>        <\/tr>\n            <tr data-row_id=\"13\" class=\"ninja_table_row_1 nt_row_id_13\">\n            <td>Compressive strength (N\/mm\u00b2)<\/td><td><\/td><td><\/td><td><\/td><td><\/td><td><\/td><td><\/td><td><\/td><td><\/td>        <\/tr>\n            <tr data-row_id=\"14\" class=\"ninja_table_row_2 nt_row_id_14\">\n            <td>for 10% compression<\/td><td> 1,13<\/td><td>1,64<\/td><td>1,95<\/td><td>3,53<\/td><td>5,85<\/td><td>11,03<\/td><td>2,62  <\/td><td>EN 826<\/td>        <\/tr>\n            <tr data-row_id=\"15\" class=\"ninja_table_row_3 nt_row_id_15\">\n            <td>for 2% compression<\/td><td>0,73<\/td><td>0,81<\/td><td>0,98<\/td><td>1,93<\/td><td>3,01<\/td><td>4,31<\/td><td>1,54<\/td><td>EN 826<\/td>        <\/tr>\n            <tr data-row_id=\"16\" class=\"ninja_table_row_4 nt_row_id_16\">\n            <td>Characteristic compressive strength (N\/mm\u00b2)<\/td><td>1,02<\/td><td>1,48<\/td><td>1,55<\/td><td> 3,19<\/td><td>5,19<\/td><td>9,97<\/td><td>2,37<\/td><td>EN 14358<\/td>        <\/tr>\n            <tr data-row_id=\"118\" class=\"ninja_table_row_5 nt_row_id_118\">\n            <td>Rated value of compressive strength (N\/mm\u00b2)<\/td><td>0,71<\/td><td>1,02<\/td><td>1,07<\/td><td> 2,21<\/td><td>3,59<\/td><td>6,90<\/td><td>1,42<\/td><td><\/td>        <\/tr>\n            <tr data-row_id=\"119\" class=\"ninja_table_row_6 nt_row_id_119\">\n            <td>Safety factors<\/td><td colspan=\"6\">ym=<sup>1,3\/k<\/sup> mod=<sup>0,9<\/sup><\/td><td class=\"ninja_temp_cell\" data-colspan=\"#colspan#\"><\/td><td class=\"ninja_temp_cell\" data-colspan=\"#colspan#\"><\/td><td class=\"ninja_temp_cell\" data-colspan=\"#colspan#\"><\/td><td class=\"ninja_temp_cell\" data-colspan=\"#colspan#\"><\/td><td class=\"ninja_temp_cell\" data-colspan=\"#colspan#\"><\/td><td colspan=\"2\">ym=<sup>1,5\/k<\/sup> mod=<sup>0,9<\/sup><\/td><td class=\"ninja_temp_cell\" data-colspan=\"#colspan#\"><\/td>        <\/tr>\n            <tr data-row_id=\"120\" class=\"ninja_table_row_7 nt_row_id_120\">\n            <td>Calculation value for Serviceability (N\/mm\u00b2)<\/td><td>0,62<\/td><td>0,69<\/td><td>0,83<\/td><td>1,64<\/td><td>2,56<\/td><td>3,66<\/td><td>1,23<\/td><td><\/td>        <\/tr>\n            <tr data-row_id=\"121\" class=\"ninja_table_row_8 nt_row_id_121\">\n            <td>E-modulus (N\/mm\u00b2)<\/td><td>28,7<\/td><td>38,4<\/td><td>45,5<\/td><td>99,4<\/td><td>168,7<\/td><td>269,8<\/td><td>73<\/td><td>EN 826<\/td>        <\/tr>\n            <tr data-row_id=\"19\" class=\"ninja_table_row_9 nt_row_id_19\">\n            <td>Screw extraction<\/td><td><\/td><td><\/td><td><\/td><td><\/td><td><\/td><td><\/td><td><\/td><td><\/td>        <\/tr>\n            <tr data-row_id=\"18\" class=\"ninja_table_row_10 nt_row_id_18\">\n            <td>Screw extraction* \u2300 7.5mm (N)<\/td><td>837<\/td><td>919<\/td><td>1.179<\/td><td>1.875<\/td><td>2.677<\/td><td>4.047<\/td><td> 1.380<\/td><td>i.a. EN 14358<\/td>        <\/tr>\n            <tr data-row_id=\"21\" class=\"ninja_table_row_11 nt_row_id_21\">\n            <td>Screw cross tension* \u2300 7.5mm (N)<\/td><td>296<\/td><td>394<\/td><td>493<\/td><td>542<\/td><td>1.012<\/td><td>1.333<\/td><td>954<\/td><td>i.a. EN 14358<\/td>        <\/tr>\n            <tr data-row_id=\"17\" class=\"ninja_table_row_12 nt_row_id_17\">\n            <td>Screw extraction* \u2300 4.5mm (N)<\/td><td>505<\/td><td>565<\/td><td>747<\/td><td>979<\/td><td>1.729<\/td><td>2.829<\/td><td>701<\/td><td>i.a. EN 14358<\/td>        <\/tr>\n            <tr data-row_id=\"20\" class=\"ninja_table_row_13 nt_row_id_20\">\n            <td>Cross bolt tension* \u2300 4.5mm (N)<\/td><td>103<\/td><td>112<\/td><td>150<\/td><td>214<\/td><td>319<\/td><td>500<\/td><td>320<\/td><td>i.a. EN 14358<\/td>        <\/tr>\n            <tr data-row_id=\"22\" class=\"ninja_table_row_14 nt_row_id_22\">\n            <td>Thermal conductivity<\/td><td><\/td><td><\/td><td><\/td><td><\/td><td><\/td><td><\/td><td><\/td><td><\/td>        <\/tr>\n            <tr data-row_id=\"23\" class=\"ninja_table_row_15 nt_row_id_23\">\n            <td>Rated value (W\/mK)<\/td><td>0,0387<\/td><td>0,0377<\/td><td>0,0423<\/td><td>0,0459<\/td><td>0,0531<\/td><td>0,0650<\/td><td>0,045<\/td><td>EN 12667<\/td>        <\/tr>\n            <tr data-row_id=\"25\" class=\"ninja_table_row_16 nt_row_id_25\">\n            <td>Water vapor diffusion resistance coefficient<\/td><td colspan=\"7\">~25<\/td><td class=\"ninja_temp_cell\" data-colspan=\"#colspan#\"><\/td><td class=\"ninja_temp_cell\" data-colspan=\"#colspan#\"><\/td><td class=\"ninja_temp_cell\" data-colspan=\"#colspan#\"><\/td><td class=\"ninja_temp_cell\" data-colspan=\"#colspan#\"><\/td><td class=\"ninja_temp_cell\" data-colspan=\"#colspan#\"><\/td><td class=\"ninja_temp_cell\" data-colspan=\"#colspan#\"><\/td><td>EN 12086-1<\/td>        <\/tr>\n            <tr data-row_id=\"26\" class=\"ninja_table_row_17 nt_row_id_26\">\n            <td>Building material behavior in case of fire<\/td><td colspan=\"7\">E (B1) schwer entflammbar<\/td><td class=\"ninja_temp_cell\" data-colspan=\"#colspan#\"><\/td><td class=\"ninja_temp_cell\" data-colspan=\"#colspan#\"><\/td><td class=\"ninja_temp_cell\" data-colspan=\"#colspan#\"><\/td><td class=\"ninja_temp_cell\" data-colspan=\"#colspan#\"><\/td><td class=\"ninja_temp_cell\" data-colspan=\"#colspan#\"><\/td><td class=\"ninja_temp_cell\" data-colspan=\"#colspan#\"><\/td><td>EN 13501-1, <br>DIN 4102-1<\/td>        <\/tr>\n            <tr data-row_id=\"27\" class=\"ninja_table_row_18 nt_row_id_27\">\n            <td>Max. Water absorption capacity 28 days<\/td><td colspan=\"7\">~5%<\/td><td class=\"ninja_temp_cell\" data-colspan=\"#colspan#\"><\/td><td class=\"ninja_temp_cell\" data-colspan=\"#colspan#\"><\/td><td class=\"ninja_temp_cell\" data-colspan=\"#colspan#\"><\/td><td class=\"ninja_temp_cell\" data-colspan=\"#colspan#\"><\/td><td class=\"ninja_temp_cell\" data-colspan=\"#colspan#\"><\/td><td class=\"ninja_temp_cell\" data-colspan=\"#colspan#\"><\/td><td>EN 12087<\/td>        <\/tr>\n    <\/tbody><!--ninja_tobody_rendering_done-->\n    <\/table>\n    \n    \n    \n<\/div>\n\n<\/div>\n\n\n\n<div class=\"gb-element-a0a9c661\">\n<p class=\"gb-text gb-text-159c4539\">* bei 40&nbsp;mm Verankerungsl\u00e4nge&nbsp;<\/p>\n\n\n\n<p class=\"gb-text gb-text-d309e2fb\">** bei 1,5&nbsp;mm max. Kopfverformung, 40&nbsp;mm Verankerungsl\u00e4nge, 30&nbsp;mm Randabstand<\/p>\n\n\n\n<p class=\"gb-text gb-text-88fcaa39\">*** 3% Langzeitverformung<\/p>\n<\/div>\n\n\n\n<a class=\"button--secondary-link gb-text-52966b9b\" href=\"\/bearbeitungen\/\"><span class=\"gb-text\">Link zu Bearbeitung<\/span><span class=\"gb-shape\"><svg width=\"25\" height=\"17\" viewBox=\"0 0 25 17\" fill=\"none\" xmlns=\"http:\/\/www.w3.org\/2000\/svg\">\n<path fill-rule=\"evenodd\" clip-rule=\"evenodd\" d=\"M-3.38805e-07 8.5C-3.48787e-07 8.27162 0.0907219 8.0526 0.252209 7.89111C0.413695 7.72963 0.632718 7.6389 0.861095 7.6389L21.1709 7.6389L15.7512 2.22089C15.5895 2.0592 15.4986 1.8399 15.4986 1.61123C15.4986 1.38257 15.5895 1.16327 15.7512 1.00158C15.9129 0.839888 16.1322 0.749052 16.3608 0.749052C16.5895 0.749052 16.8088 0.839888 16.9705 1.00158L23.8592 7.89034C23.9394 7.97033 24.003 8.06535 24.0465 8.16997C24.0899 8.27458 24.1122 8.38673 24.1122 8.5C24.1122 8.61326 24.0899 8.72541 24.0465 8.83003C24.003 8.93464 23.9394 9.02967 23.8592 9.10965L16.9705 15.9984C16.8088 16.1601 16.5895 16.2509 16.3608 16.2509C16.1322 16.2509 15.9129 16.1601 15.7512 15.9984C15.5895 15.8367 15.4986 15.6174 15.4986 15.3888C15.4986 15.1601 15.5895 14.9408 15.7512 14.7791L21.1709 9.36109L0.861095 9.36109C0.632719 9.36109 0.413695 9.27037 0.252209 9.10888C0.0907219 8.9474 -3.28822e-07 8.72838 -3.38805e-07 8.5Z\" fill=\"currentColor\"><\/path>\n<\/svg><\/span><\/a>\n<\/div>\n<\/div>\n<\/div>\n<\/div>\n<\/div>\n","protected":false},"excerpt":{"rendered":"<p>For Blokko &#8211; hinged shutter installation<br \/>\nPackaging unit: 1 piece<\/p>\n","protected":false},"featured_media":3555,"template":"","meta":{"_acf_changed":false,"inline_featured_image":false,"editor_notices":[]},"area_of_application":[],"material_class":[],"product_brand":[],"product_cat":[59,98],"product_tag":[],"class_list":{"0":"post-2180","1":"product","2":"type-product","3":"status-publish","4":"has-post-thumbnail","6":"product_cat-accessories","7":"product_cat-reinforcement-angle","8":"sales-flash-overlay","9":"woocommerce-text-align-left","10":"woocommerce-image-align-center","11":"do-quantity-buttons","13":"first","14":"instock","15":"purchasable","16":"product-type-simple"},"acf":[],"_links":{"self":[{"href":"https:\/\/compacfoam.com\/en\/wp-json\/wp\/v2\/product\/2180","targetHints":{"allow":["GET"]}}],"collection":[{"href":"https:\/\/compacfoam.com\/en\/wp-json\/wp\/v2\/product"}],"about":[{"href":"https:\/\/compacfoam.com\/en\/wp-json\/wp\/v2\/types\/product"}],"wp:featuredmedia":[{"embeddable":true,"href":"https:\/\/compacfoam.com\/en\/wp-json\/wp\/v2\/media\/3555"}],"wp:attachment":[{"href":"https:\/\/compacfoam.com\/en\/wp-json\/wp\/v2\/media?parent=2180"}],"wp:term":[{"taxonomy":"area_of_application","embeddable":true,"href":"https:\/\/compacfoam.com\/en\/wp-json\/wp\/v2\/area_of_application?post=2180"},{"taxonomy":"material_class","embeddable":true,"href":"https:\/\/compacfoam.com\/en\/wp-json\/wp\/v2\/material_class?post=2180"},{"taxonomy":"product_brand","embeddable":true,"href":"https:\/\/compacfoam.com\/en\/wp-json\/wp\/v2\/product_brand?post=2180"},{"taxonomy":"product_cat","embeddable":true,"href":"https:\/\/compacfoam.com\/en\/wp-json\/wp\/v2\/product_cat?post=2180"},{"taxonomy":"product_tag","embeddable":true,"href":"https:\/\/compacfoam.com\/en\/wp-json\/wp\/v2\/product_tag?post=2180"}],"curies":[{"name":"wp","href":"https:\/\/api.w.org\/{rel}","templated":true}]}}